{"id":4616,"date":"2020-12-01T11:53:10","date_gmt":"2020-12-01T10:53:10","guid":{"rendered":"http:\/\/optik-hippel.de\/wordpress\/?page_id=4616"},"modified":"2026-02-23T15:05:00","modified_gmt":"2026-02-23T14:05:00","slug":"angebote-2","status":"publish","type":"page","link":"https:\/\/optik-hippel.de\/wordpress\/angebote-2\/","title":{"rendered":"Angebote"},"content":{"rendered":"<p>[et_pb_section fb_built=&#8220;1&#8243; _builder_version=&#8220;4.16&#8243; background_color=&#8220;#171717&#8243; custom_padding=&#8220;||14px|||&#8220; bottom_divider_color=&#8220;#000000&#8243; bottom_divider_flip=&#8220;horizontal&#8220; global_colors_info=&#8220;{}&#8220;][et_pb_row _builder_version=&#8220;4.16&#8243; custom_margin=&#8220;|auto|12px|auto||&#8220; global_colors_info=&#8220;{}&#8220;][et_pb_column type=&#8220;4_4&#8243; _builder_version=&#8220;4.16&#8243; global_colors_info=&#8220;{}&#8220;][et_pb_text _builder_version=&#8220;4.16&#8243; header_font=&#8220;Cairo|600|||||||&#8220; header_text_color=&#8220;#ffffff&#8220; header_font_size=&#8220;73px&#8220; header_font_size_tablet=&#8220;60px&#8220; header_font_size_phone=&#8220;35px&#8220; header_font_size_last_edited=&#8220;on|phone&#8220; global_colors_info=&#8220;{}&#8220;]<\/p>\n<h1 style=\"text-align: center;\">Aktuelle Angebote<\/h1>\n<p>[\/et_pb_text][et_pb_divider divider_position=&#8220;center&#8220; _builder_version=&#8220;4.16&#8243; global_colors_info=&#8220;{}&#8220;][\/et_pb_divider][\/et_pb_column][\/et_pb_row][et_pb_row _builder_version=&#8220;4.27.4&#8243; _module_preset=&#8220;default&#8220; global_colors_info=&#8220;{}&#8220;][et_pb_column type=&#8220;4_4&#8243; _builder_version=&#8220;4.22.1&#8243; _module_preset=&#8220;default&#8220; global_colors_info=&#8220;{}&#8220;][et_pb_code _builder_version=&#8220;4.27.4&#8243; _module_preset=&#8220;default&#8220; hover_enabled=&#8220;0&#8243; global_colors_info=&#8220;{}&#8220; sticky_enabled=&#8220;0&#8243;]<\/p>\n<div style=\"position:relative;overflow:hidden;height:563px;max-width:100%;\" data-page-width=\"456\" data-page-height=\"640\">\n<div class=\"brlbs-cmpnt-container brlbs-cmpnt-content-blocker brlbs-cmpnt-with-individual-styles\" data-borlabs-cookie-content-blocker-id=\"yumpu\" data-borlabs-cookie-content=\"PGlmcmFtZSBzdHlsZT0icG9zaXRpb246YWJzb2x1dGU7dG9wOjA7bGVmdDowO3dpZHRoOjEwMCU7aGVpZ2h0OjEwMCU7IiAgIHNyYz0iaHR0cHM6Ly93d3cueXVtcHUuY29tL2RlL2VtYmVkL3ZpZXcvUVh1TW1HZUw0RmcyNjc1ciIgZnJhbWVib3JkZXI9IjAiIGFsbG93ZnVsbHNjcmVlbj0idHJ1ZSIgIGFsbG93dHJhbnNwYXJlbmN5PSJ0cnVlIj48L2lmcmFtZT4=\">\n<div class=\"brlbs-cmpnt-cb-preset-a\">\n<p class=\"brlbs-cmpnt-cb-description\">Sie sehen gerade einen Platzhalterinhalt von <strong>Yumpu<\/strong>. Um auf den eigentlichen Inhalt zuzugreifen, klicken Sie auf den Button unten. Bitte beachten Sie, dass dabei Daten an Drittanbieter weitergegeben werden.<\/p>\n<div class=\"brlbs-cmpnt-cb-buttons\"> <a class=\"brlbs-cmpnt-cb-btn\" href=\"#\" data-borlabs-cookie-unblock role=\"button\">Inhalt entsperren<\/a> <a class=\"brlbs-cmpnt-cb-btn\" href=\"#\" data-borlabs-cookie-accept-service role=\"button\" style=\"display: none\">Erforderlichen Service akzeptieren und Inhalte entsperren<\/a> <\/div>\n<p> <a class=\"brlbs-cmpnt-cb-provider-toggle\" href=\"#\" data-borlabs-cookie-show-provider-information role=\"button\">Weitere Informationen<\/a> &#8218;<\/div>\n<p>&#8218;<\/p><\/div>\n<\/div>\n<p>[\/et_pb_code][\/et_pb_column][\/et_pb_row][\/et_pb_section][et_pb_section fb_built=&#8220;1&#8243; _builder_version=&#8220;4.22.1&#8243; _module_preset=&#8220;default&#8220; background_color=&#8220;#dbdbdb&#8220; top_divider_style=&#8220;slant&#8220; top_divider_color=&#8220;#171717&#8243; top_divider_height=&#8220;60px&#8220; top_divider_flip=&#8220;horizontal&#8220; top_divider_height_tablet=&#8220;60px&#8220; top_divider_height_phone=&#8220;20px&#8220; top_divider_height_last_edited=&#8220;on|phone&#8220; global_colors_info=&#8220;{}&#8220;][et_pb_row column_structure=&#8220;1_3,1_3,1_3&#8243; disabled_on=&#8220;off|off|off&#8220; _builder_version=&#8220;4.22.1&#8243; max_width=&#8220;1400px&#8220; min_height=&#8220;713px&#8220; custom_margin=&#8220;48px||||false|false&#8220; custom_padding=&#8220;||||false|false&#8220; global_colors_info=&#8220;{}&#8220;][et_pb_column type=&#8220;1_3&#8243; _builder_version=&#8220;4.16&#8243; global_colors_info=&#8220;{}&#8220;][et_pb_image src=&#8220;https:\/\/optik-hippel.de\/wordpress\/wp-content\/uploads\/2020\/12\/demo_dark_angebote_nah.png&#8220; _builder_version=&#8220;4.16&#8243; custom_margin=&#8220;||0px||false|false&#8220; global_colors_info=&#8220;{}&#8220;][\/et_pb_image][et_pb_text _builder_version=&#8220;4.16&#8243; _module_preset=&#8220;default&#8220; custom_margin=&#8220;5px||||false|false&#8220; custom_padding=&#8220;0px||||false|false&#8220; global_colors_info=&#8220;{}&#8220;]<\/p>\n<p>Abbildung beispielhaft.<\/p>\n<p>[\/et_pb_text][et_pb_text _builder_version=&#8220;4.22.1&#8243; text_font=&#8220;Cairo||||||||&#8220; text_text_color=&#8220;#171717&#8243; header_2_font=&#8220;Cairo|600|||||||&#8220; header_4_font=&#8220;Cairo|600|||||||&#8220; header_4_text_color=&#8220;#171717&#8243; header_4_font_size=&#8220;36px&#8220; custom_margin=&#8220;||||false|false&#8220; global_colors_info=&#8220;{}&#8220;]<\/p>\n<h2>NAH-KOMFORT-BRILLEN<\/h2>\n<p>Nah-Komfort-Brillen werden auch Raum-Komfort-Brillen genannt. Beide Begriffe beschreiben, das diese Brillen f\u00fcr das<strong> Sehen<\/strong> im Raum &#8211; also <strong>in unmittelbarer N\u00e4he<\/strong> &#8211; entwickelt wurden. Sehen im erweiterten Nahbereich, bei mittlerer Entfernung und sogar beim Lesen wird komfortabel und scharf. Wir bieten eine gro\u00dfe Auswahl an Nah-Komfort-Brillen direkt vor Ort.<\/p>\n<p>[\/et_pb_text][\/et_pb_column][et_pb_column type=&#8220;1_3&#8243; _builder_version=&#8220;4.16&#8243; global_colors_info=&#8220;{}&#8220;][et_pb_image src=&#8220;https:\/\/optik-hippel.de\/wordpress\/wp-content\/uploads\/2020\/12\/demo_dark_gleitsicht.png&#8220; _builder_version=&#8220;4.16&#8243; custom_margin=&#8220;||0px||false|false&#8220; global_colors_info=&#8220;{}&#8220;][\/et_pb_image][et_pb_text _builder_version=&#8220;4.16&#8243; _module_preset=&#8220;default&#8220; custom_margin=&#8220;5px||||false|false&#8220; custom_padding=&#8220;0px||||false|false&#8220; global_colors_info=&#8220;{}&#8220;]<\/p>\n<p>Abbildung beispielhaft.<\/p>\n<p>[\/et_pb_text][et_pb_text _builder_version=&#8220;4.22.1&#8243; text_font=&#8220;Cairo||||||||&#8220; text_text_color=&#8220;#171717&#8243; header_3_font=&#8220;|600|||||||&#8220; header_3_font_size=&#8220;26px&#8220; header_4_font=&#8220;Cairo|600|||||||&#8220; header_4_text_color=&#8220;#171717&#8243; header_4_font_size=&#8220;26px&#8220; custom_margin=&#8220;||||false|false&#8220; global_colors_info=&#8220;{}&#8220;]<\/p>\n<h3>GLEITSICHTBRILLEN<\/h3>\n<p>Sp\u00e4testens ab dem 45. Lebensjahr macht sich die Alterssichtigkeit bemerkbar, das Sehen \u2013 vor allem im unmittelbaren Nahbereich \u2013 wird immer schwieriger. Die L\u00f6sung: Eine Gleitsichtbrille <strong>erm\u00f6glicht stufenloses Sehen in allen Entfernungen<\/strong> und ersetzt gleich mehrere Brillen. Wir haben eine gro\u00dfe Auswahl an Gleitsichtbrillen und beraten Sie gerne bei uns vor Ort.<\/p>\n<p>[\/et_pb_text][\/et_pb_column][et_pb_column type=&#8220;1_3&#8243; _builder_version=&#8220;4.16&#8243; global_colors_info=&#8220;{}&#8220;][et_pb_image src=&#8220;https:\/\/optik-hippel.de\/wordpress\/wp-content\/uploads\/2020\/12\/demo_dark_angebote_fassungen.png&#8220; _builder_version=&#8220;4.16&#8243; custom_margin=&#8220;||0px||false|false&#8220; global_colors_info=&#8220;{}&#8220;][\/et_pb_image][et_pb_text _builder_version=&#8220;4.16&#8243; _module_preset=&#8220;default&#8220; custom_margin=&#8220;5px||||false|false&#8220; custom_padding=&#8220;0px||||false|false&#8220; global_colors_info=&#8220;{}&#8220;]<\/p>\n<p>Abbildung beispielhaft.<\/p>\n<p>[\/et_pb_text][et_pb_text _builder_version=&#8220;4.22.1&#8243; text_font=&#8220;Cairo||||||||&#8220; text_text_color=&#8220;#171717&#8243; header_4_font=&#8220;Cairo|600|||||||&#8220; header_4_text_color=&#8220;#171717&#8243; header_4_font_size=&#8220;26px&#8220; custom_margin=&#8220;||||false|false&#8220; global_colors_info=&#8220;{}&#8220;]<\/p>\n<h4>QUALIT\u00c4TS &#8211; BRILLENFASSUNGEN<\/h4>\n<p>Wir bieten eine <strong>gro\u00dfe Auswahl<\/strong> an Brillenfassungen f\u00fcr sie und ihn. <strong>Von preiswert bis Premium<\/strong> bieten wir hochwertige Fassungen f\u00fcr fast jeden Geschmack. Kommen Sie vorbei und entdecken Sie Ihre Wunschfassung vor Ort bei Brillenhaus Horrer.<\/p>\n<p>[\/et_pb_text][\/et_pb_column][\/et_pb_row][\/et_pb_section][et_pb_section fb_built=&#8220;1&#8243; disabled_on=&#8220;on|on|off&#8220; _builder_version=&#8220;4.22.1&#8243; background_color=&#8220;rgba(0,0,0,0)&#8220; use_background_color_gradient=&#8220;on&#8220; background_image=&#8220;https:\/\/optik-hippel.de\/wordpress\/wp-content\/uploads\/2020\/12\/service_2.jpg&#8220; parallax=&#8220;on&#8220; min_height=&#8220;890px&#8220; custom_margin=&#8220;-87px||1px|||&#8220; custom_padding=&#8220;190px|||||&#8220; top_divider_style=&#8220;slant&#8220; top_divider_color=&#8220;#dbdbdb&#8220; top_divider_flip=&#8220;horizontal&#8220; bottom_divider_style=&#8220;slant&#8220; bottom_divider_color=&#8220;#171717&#8243; bottom_divider_flip=&#8220;horizontal&#8220; bottom_divider_height_tablet=&#8220;50px&#8220; bottom_divider_height_phone=&#8220;35px&#8220; bottom_divider_height_last_edited=&#8220;on|phone&#8220; global_colors_info=&#8220;{}&#8220;][et_pb_row _builder_version=&#8220;4.16&#8243; max_width=&#8220;80%&#8220; global_colors_info=&#8220;{}&#8220;][et_pb_column type=&#8220;4_4&#8243; _builder_version=&#8220;4.16&#8243; global_colors_info=&#8220;{}&#8220;][et_pb_text _builder_version=&#8220;4.16&#8243; header_2_font=&#8220;Cairo|600|||||||&#8220; header_2_text_align=&#8220;center&#8220; header_2_text_color=&#8220;#171717&#8243; header_2_font_size=&#8220;46px&#8220; header_3_font=&#8220;|600|||||||&#8220; header_3_font_size=&#8220;35px&#8220; header_3_line_height=&#8220;1.3em&#8220; custom_margin=&#8220;5%||18px||false|false&#8220; custom_padding=&#8220;||||false|false&#8220; header_2_font_size_tablet=&#8220;35px&#8220; header_2_font_size_phone=&#8220;30px&#8220; header_2_font_size_last_edited=&#8220;on|desktop&#8220; header_text_shadow_style=&#8220;preset1&#8243; header_2_text_shadow_style=&#8220;preset3&#8243; header_2_text_shadow_blur_strength=&#8220;0.89em&#8220; header_2_text_shadow_color=&#8220;#ffffff&#8220; global_colors_info=&#8220;{}&#8220;]<\/p>\n<h3 style=\"text-align: right;\">Kommen Sie in unser Fachgesch\u00e4ft in Gl\u00fcckstadt.<\/h3>\n<p>[\/et_pb_text][et_pb_button button_url=&#8220;http:\/\/www.optik-hippel.de\/terminvereinbarung\/&#8220; button_text=&#8220;Jetzt Termin vereinbaren&#8220; button_alignment=&#8220;right&#8220; _builder_version=&#8220;4.16&#8243; custom_button=&#8220;on&#8220; button_text_size=&#8220;16px&#8220; button_text_color=&#8220;#ffffff&#8220; button_bg_color=&#8220;#730800&#8243; button_border_width=&#8220;0px&#8220; button_border_color=&#8220;#000000&#8243; button_border_radius=&#8220;5px&#8220; button_font=&#8220;Cairo|600||on|||||&#8220; button_icon=&#8220;&#x3d;||divi||400&#8243; box_shadow_style=&#8220;preset2&#8243; box_shadow_spread=&#8220;9px&#8220; global_colors_info=&#8220;{}&#8220;][\/et_pb_button][\/et_pb_column][\/et_pb_row][\/et_pb_section][et_pb_section fb_built=&#8220;1&#8243; disabled_on=&#8220;off|off|on&#8220; _builder_version=&#8220;4.16&#8243; background_color=&#8220;#171717&#8243; min_height=&#8220;261px&#8220; top_divider_style=&#8220;slant&#8220; top_divider_color=&#8220;#171717&#8243; top_divider_flip=&#8220;horizontal&#8220; global_colors_info=&#8220;{}&#8220;][et_pb_row _builder_version=&#8220;4.16&#8243; global_colors_info=&#8220;{}&#8220;][et_pb_column type=&#8220;4_4&#8243; _builder_version=&#8220;4.16&#8243; global_colors_info=&#8220;{}&#8220;][et_pb_text _builder_version=&#8220;4.16&#8243; header_3_font=&#8220;Cairo|600|||||||&#8220; header_3_text_color=&#8220;#ffffff&#8220; header_3_font_size=&#8220;35px&#8220; header_4_font=&#8220;Cairo|600|||||||&#8220; header_4_text_color=&#8220;#dbdbdb&#8220; header_4_font_size=&#8220;26px&#8220; header_3_font_size_tablet=&#8220;&#8220; header_3_font_size_phone=&#8220;30px&#8220; header_3_font_size_last_edited=&#8220;on|desktop&#8220; global_colors_info=&#8220;{}&#8220;]<\/p>\n<h4 style=\"text-align: center;\">Kommen Sie in unser Fachgesch\u00e4ft in Gl\u00fcckstadt.<\/h4>\n<p>[\/et_pb_text][et_pb_button button_url=&#8220;http:\/\/www.optik-hippel.de\/terminvereinbarung\/&#8220; button_text=&#8220;Jetzt Termin vereinbaren&#8220; button_alignment=&#8220;center&#8220; _builder_version=&#8220;4.16&#8243; custom_button=&#8220;on&#8220; button_text_size=&#8220;16px&#8220; button_text_color=&#8220;#ffffff&#8220; button_bg_color=&#8220;#730800&#8243; button_border_width=&#8220;0px&#8220; button_border_color=&#8220;#000000&#8243; button_border_radius=&#8220;5px&#8220; button_font=&#8220;Cairo|600||on|||||&#8220; button_icon=&#8220;&#x3d;||divi||400&#8243; box_shadow_style=&#8220;preset2&#8243; box_shadow_spread=&#8220;9px&#8220; global_colors_info=&#8220;{}&#8220;][\/et_pb_button][\/et_pb_column][\/et_pb_row][\/et_pb_section]<\/p>\n","protected":false},"excerpt":{"rendered":"<p>Aktuelle AngeboteAbbildung beispielhaft.NAH-KOMFORT-BRILLEN Nah-Komfort-Brillen werden auch Raum-Komfort-Brillen genannt. Beide Begriffe beschreiben, das diese Brillen f\u00fcr das Sehen im Raum &#8211; also in unmittelbarer N\u00e4he &#8211; entwickelt wurden. Sehen im erweiterten Nahbereich, bei mittlerer Entfernung und sogar beim Lesen wird komfortabel und scharf. Wir bieten eine gro\u00dfe Auswahl an Nah-Komfort-Brillen direkt vor Ort.Abbildung beispielhaft.GLEITSICHTBRILLEN Sp\u00e4testens ab [&hellip;]<\/p>\n","protected":false},"author":1,"featured_media":0,"parent":0,"menu_order":0,"comment_status":"closed","ping_status":"closed","template":"","meta":{"_et_pb_use_builder":"on","_et_pb_old_content":"","_et_gb_content_width":"","footnotes":""},"class_list":["post-4616","page","type-page","status-publish","hentry"],"yoast_head":"<!-- This site is optimized with the Yoast SEO plugin v27.5 - https:\/\/yoast.com\/product\/yoast-seo-wordpress\/ -->\n<title>Angebote - Optik-Hippel | Ihr Optiker in Gl\u00fcckstadt und Umgebung<\/title>\n<meta name=\"description\" content=\"Optik Hippel | Am Fleth 20, 25348 Gl\u00fcckstadt | Tel: 04124 2619. Brillen, Fassungen, Reparatur, Service. Meisterfachbetrieb f\u00fcr gutes Sehen.\" \/>\n<meta name=\"robots\" content=\"index, follow, max-snippet:-1, max-image-preview:large, max-video-preview:-1\" \/>\n<link rel=\"canonical\" href=\"https:\/\/optik-hippel.de\/wordpress\/angebote-2\/\" \/>\n<meta property=\"og:locale\" content=\"de_DE\" \/>\n<meta property=\"og:type\" content=\"article\" \/>\n<meta property=\"og:title\" content=\"Angebote - Optik-Hippel | Ihr Optiker in Gl\u00fcckstadt und Umgebung\" \/>\n<meta property=\"og:description\" content=\"Optik Hippel | Am Fleth 20, 25348 Gl\u00fcckstadt | Tel: 04124 2619. Brillen, Fassungen, Reparatur, Service. Meisterfachbetrieb f\u00fcr gutes Sehen.\" \/>\n<meta property=\"og:url\" content=\"https:\/\/optik-hippel.de\/wordpress\/angebote-2\/\" \/>\n<meta property=\"og:site_name\" content=\"Optik-Hippel | Ihr Optiker in Gl\u00fcckstadt und Umgebung\" \/>\n<meta property=\"article:modified_time\" content=\"2026-02-23T14:05:00+00:00\" \/>\n<meta name=\"twitter:card\" content=\"summary_large_image\" \/>\n<meta name=\"twitter:label1\" content=\"Gesch\u00e4tzte Lesezeit\" \/>\n\t<meta name=\"twitter:data1\" content=\"6\u00a0Minuten\" \/>\n<script type=\"application\/ld+json\" class=\"yoast-schema-graph\">{\"@context\":\"https:\\\/\\\/schema.org\",\"@graph\":[{\"@type\":\"WebPage\",\"@id\":\"https:\\\/\\\/optik-hippel.de\\\/wordpress\\\/angebote-2\\\/\",\"url\":\"https:\\\/\\\/optik-hippel.de\\\/wordpress\\\/angebote-2\\\/\",\"name\":\"Angebote - Optik-Hippel | Ihr Optiker in Gl\u00fcckstadt und Umgebung\",\"isPartOf\":{\"@id\":\"https:\\\/\\\/optik-hippel.de\\\/wordpress\\\/#website\"},\"datePublished\":\"2020-12-01T10:53:10+00:00\",\"dateModified\":\"2026-02-23T14:05:00+00:00\",\"description\":\"Optik Hippel | Am Fleth 20, 25348 Gl\u00fcckstadt | Tel: 04124 2619. Brillen, Fassungen, Reparatur, Service. Meisterfachbetrieb f\u00fcr gutes Sehen.\",\"breadcrumb\":{\"@id\":\"https:\\\/\\\/optik-hippel.de\\\/wordpress\\\/angebote-2\\\/#breadcrumb\"},\"inLanguage\":\"de\",\"potentialAction\":[{\"@type\":\"ReadAction\",\"target\":[\"https:\\\/\\\/optik-hippel.de\\\/wordpress\\\/angebote-2\\\/\"]}]},{\"@type\":\"BreadcrumbList\",\"@id\":\"https:\\\/\\\/optik-hippel.de\\\/wordpress\\\/angebote-2\\\/#breadcrumb\",\"itemListElement\":[{\"@type\":\"ListItem\",\"position\":1,\"name\":\"Startseite\",\"item\":\"https:\\\/\\\/optik-hippel.de\\\/wordpress\\\/\"},{\"@type\":\"ListItem\",\"position\":2,\"name\":\"Angebote\"}]},{\"@type\":\"WebSite\",\"@id\":\"https:\\\/\\\/optik-hippel.de\\\/wordpress\\\/#website\",\"url\":\"https:\\\/\\\/optik-hippel.de\\\/wordpress\\\/\",\"name\":\"Optik-Hippel | Ihr Optiker in Gl\u00fcckstadt und Umgebung\",\"description\":\"Ihr sympathischer Optiker in Gl\u00fcckstadt und Umgebung\",\"potentialAction\":[{\"@type\":\"SearchAction\",\"target\":{\"@type\":\"EntryPoint\",\"urlTemplate\":\"https:\\\/\\\/optik-hippel.de\\\/wordpress\\\/?s={search_term_string}\"},\"query-input\":{\"@type\":\"PropertyValueSpecification\",\"valueRequired\":true,\"valueName\":\"search_term_string\"}}],\"inLanguage\":\"de\"}]}<\/script>\n<!-- \/ Yoast SEO plugin. -->","yoast_head_json":{"title":"Angebote - Optik-Hippel | Ihr Optiker in Gl\u00fcckstadt und Umgebung","description":"Optik Hippel | Am Fleth 20, 25348 Gl\u00fcckstadt | Tel: 04124 2619. Brillen, Fassungen, Reparatur, Service. Meisterfachbetrieb f\u00fcr gutes Sehen.","robots":{"index":"index","follow":"follow","max-snippet":"max-snippet:-1","max-image-preview":"max-image-preview:large","max-video-preview":"max-video-preview:-1"},"canonical":"https:\/\/optik-hippel.de\/wordpress\/angebote-2\/","og_locale":"de_DE","og_type":"article","og_title":"Angebote - Optik-Hippel | Ihr Optiker in Gl\u00fcckstadt und Umgebung","og_description":"Optik Hippel | Am Fleth 20, 25348 Gl\u00fcckstadt | Tel: 04124 2619. Brillen, Fassungen, Reparatur, Service. Meisterfachbetrieb f\u00fcr gutes Sehen.","og_url":"https:\/\/optik-hippel.de\/wordpress\/angebote-2\/","og_site_name":"Optik-Hippel | Ihr Optiker in Gl\u00fcckstadt und Umgebung","article_modified_time":"2026-02-23T14:05:00+00:00","twitter_card":"summary_large_image","twitter_misc":{"Gesch\u00e4tzte Lesezeit":"6\u00a0Minuten"},"schema":{"@context":"https:\/\/schema.org","@graph":[{"@type":"WebPage","@id":"https:\/\/optik-hippel.de\/wordpress\/angebote-2\/","url":"https:\/\/optik-hippel.de\/wordpress\/angebote-2\/","name":"Angebote - Optik-Hippel | Ihr Optiker in Gl\u00fcckstadt und Umgebung","isPartOf":{"@id":"https:\/\/optik-hippel.de\/wordpress\/#website"},"datePublished":"2020-12-01T10:53:10+00:00","dateModified":"2026-02-23T14:05:00+00:00","description":"Optik Hippel | Am Fleth 20, 25348 Gl\u00fcckstadt | Tel: 04124 2619. Brillen, Fassungen, Reparatur, Service. Meisterfachbetrieb f\u00fcr gutes Sehen.","breadcrumb":{"@id":"https:\/\/optik-hippel.de\/wordpress\/angebote-2\/#breadcrumb"},"inLanguage":"de","potentialAction":[{"@type":"ReadAction","target":["https:\/\/optik-hippel.de\/wordpress\/angebote-2\/"]}]},{"@type":"BreadcrumbList","@id":"https:\/\/optik-hippel.de\/wordpress\/angebote-2\/#breadcrumb","itemListElement":[{"@type":"ListItem","position":1,"name":"Startseite","item":"https:\/\/optik-hippel.de\/wordpress\/"},{"@type":"ListItem","position":2,"name":"Angebote"}]},{"@type":"WebSite","@id":"https:\/\/optik-hippel.de\/wordpress\/#website","url":"https:\/\/optik-hippel.de\/wordpress\/","name":"Optik-Hippel | Ihr Optiker in Gl\u00fcckstadt und Umgebung","description":"Ihr sympathischer Optiker in Gl\u00fcckstadt und Umgebung","potentialAction":[{"@type":"SearchAction","target":{"@type":"EntryPoint","urlTemplate":"https:\/\/optik-hippel.de\/wordpress\/?s={search_term_string}"},"query-input":{"@type":"PropertyValueSpecification","valueRequired":true,"valueName":"search_term_string"}}],"inLanguage":"de"}]}},"_links":{"self":[{"href":"https:\/\/optik-hippel.de\/wordpress\/wp-json\/wp\/v2\/pages\/4616","targetHints":{"allow":["GET"]}}],"collection":[{"href":"https:\/\/optik-hippel.de\/wordpress\/wp-json\/wp\/v2\/pages"}],"about":[{"href":"https:\/\/optik-hippel.de\/wordpress\/wp-json\/wp\/v2\/types\/page"}],"author":[{"embeddable":true,"href":"https:\/\/optik-hippel.de\/wordpress\/wp-json\/wp\/v2\/users\/1"}],"replies":[{"embeddable":true,"href":"https:\/\/optik-hippel.de\/wordpress\/wp-json\/wp\/v2\/comments?post=4616"}],"version-history":[{"count":65,"href":"https:\/\/optik-hippel.de\/wordpress\/wp-json\/wp\/v2\/pages\/4616\/revisions"}],"predecessor-version":[{"id":5328,"href":"https:\/\/optik-hippel.de\/wordpress\/wp-json\/wp\/v2\/pages\/4616\/revisions\/5328"}],"wp:attachment":[{"href":"https:\/\/optik-hippel.de\/wordpress\/wp-json\/wp\/v2\/media?parent=4616"}],"curies":[{"name":"wp","href":"https:\/\/api.w.org\/{rel}","templated":true}]}}